{"id":89,"date":"2019-08-30T06:09:11","date_gmt":"2019-08-30T06:09:11","guid":{"rendered":"https:\/\/mo-concept.fr\/?page_id=89"},"modified":"2019-09-20T12:32:29","modified_gmt":"2019-09-20T12:32:29","slug":"maitrise-doeuvre","status":"publish","type":"page","link":"https:\/\/mo-concept.fr\/index.php\/maitrise-doeuvre\/","title":{"rendered":"Villa individuelle"},"content":{"rendered":"\n<p style=\"text-align:right\">Bourg de p\u00e9age<\/p>\n\n\n\n<figure class=\"wp-block-image\"><img loading=\"lazy\" decoding=\"async\" width=\"1024\" height=\"768\" src=\"https:\/\/mo-concept.fr\/wp-content\/uploads\/2019\/08\/MI-41-1024x768.jpg\" alt=\"\" class=\"wp-image-76\" srcset=\"https:\/\/mo-concept.fr\/wp-content\/uploads\/2019\/08\/MI-41-1024x768.jpg 1024w, https:\/\/mo-concept.fr\/wp-content\/uploads\/2019\/08\/MI-41-300x225.jpg 300w, https:\/\/mo-concept.fr\/wp-content\/uploads\/2019\/08\/MI-41-768x576.jpg 768w, https:\/\/mo-concept.fr\/wp-content\/uploads\/2019\/08\/MI-41-1440x1080.jpg 1440w\" sizes=\"auto, (max-width: 1024px) 100vw, 1024px\" \/><figcaption>ossature bois et couverture en zinc<\/figcaption><\/figure>\n\n\n\n<p>B\u00e2timent \u00e0 ossature en bois, avec une couverture zinc.<\/p>\n","protected":false},"excerpt":{"rendered":"<p>Bourg de p\u00e9age B\u00e2timent \u00e0 ossature en bois, avec une couverture zinc.<\/p>\n","protected":false},"author":2,"featured_media":76,"parent":0,"menu_order":0,"comment_status":"closed","ping_status":"closed","template":"","meta":{"footnotes":""},"class_list":["post-89","page","type-page","status-publish","has-post-thumbnail","hentry"],"_links":{"self":[{"href":"https:\/\/mo-concept.fr\/index.php\/wp-json\/wp\/v2\/pages\/89","targetHints":{"allow":["GET"]}}],"collection":[{"href":"https:\/\/mo-concept.fr\/index.php\/wp-json\/wp\/v2\/pages"}],"about":[{"href":"https:\/\/mo-concept.fr\/index.php\/wp-json\/wp\/v2\/types\/page"}],"author":[{"embeddable":true,"href":"https:\/\/mo-concept.fr\/index.php\/wp-json\/wp\/v2\/users\/2"}],"replies":[{"embeddable":true,"href":"https:\/\/mo-concept.fr\/index.php\/wp-json\/wp\/v2\/comments?post=89"}],"version-history":[{"count":6,"href":"https:\/\/mo-concept.fr\/index.php\/wp-json\/wp\/v2\/pages\/89\/revisions"}],"predecessor-version":[{"id":163,"href":"https:\/\/mo-concept.fr\/index.php\/wp-json\/wp\/v2\/pages\/89\/revisions\/163"}],"wp:featuredmedia":[{"embeddable":true,"href":"https:\/\/mo-concept.fr\/index.php\/wp-json\/wp\/v2\/media\/76"}],"wp:attachment":[{"href":"https:\/\/mo-concept.fr\/index.php\/wp-json\/wp\/v2\/media?parent=89"}],"curies":[{"name":"wp","href":"https:\/\/api.w.org\/{rel}","templated":true}]}}