{"id":8,"date":"2019-08-21T14:48:27","date_gmt":"2019-08-21T14:48:27","guid":{"rendered":"https:\/\/mo-concept.fr\/?page_id=8"},"modified":"2019-08-22T09:24:22","modified_gmt":"2019-08-22T09:24:22","slug":"maitrise-doeuvres","status":"publish","type":"page","link":"https:\/\/mo-concept.fr\/index.php\/maitrise-doeuvres\/","title":{"rendered":"Maitrise d&rsquo;\u0153uvres"},"content":{"rendered":"\n<p>Vous avez un projet de construction, de\nr\u00e9novation, notre cabinet assure des missions compl\u00e8tes ou\npartielles de ma\u00eetrise d\u2019\u0153uvre<\/p>\n\n\n\n<ul class=\"wp-block-list\"><li>Conception <\/li><li>D\u00e9marche administrative <\/li><li>Direction et coordination des travaux <\/li><li>R\u00e9ception des travaux <\/li><\/ul>\n\n\n\n<p>Nous pouvons pour la bonne r\u00e9alisation\nde votre projet assurer la consultation des entreprises,  le suivi du\nchantier, avec ou sans intervention d\u2019un architecte.<\/p>\n","protected":false},"excerpt":{"rendered":"<p>Vous avez un projet de construction, de r\u00e9novation, notre cabinet assure des missions compl\u00e8tes ou partielles de ma\u00eetrise d\u2019\u0153uvre Conception D\u00e9marche administrative Direction et coordination des travaux R\u00e9ception des travaux Nous pouvons pour la bonne r\u00e9alisation de votre projet assurer la consultation des entreprises, le suivi du chantier, avec ou sans intervention d\u2019un architecte.<\/p>\n","protected":false},"author":2,"featured_media":0,"parent":0,"menu_order":0,"comment_status":"closed","ping_status":"closed","template":"","meta":{"footnotes":""},"class_list":["post-8","page","type-page","status-publish","hentry"],"_links":{"self":[{"href":"https:\/\/mo-concept.fr\/index.php\/wp-json\/wp\/v2\/pages\/8","targetHints":{"allow":["GET"]}}],"collection":[{"href":"https:\/\/mo-concept.fr\/index.php\/wp-json\/wp\/v2\/pages"}],"about":[{"href":"https:\/\/mo-concept.fr\/index.php\/wp-json\/wp\/v2\/types\/page"}],"author":[{"embeddable":true,"href":"https:\/\/mo-concept.fr\/index.php\/wp-json\/wp\/v2\/users\/2"}],"replies":[{"embeddable":true,"href":"https:\/\/mo-concept.fr\/index.php\/wp-json\/wp\/v2\/comments?post=8"}],"version-history":[{"count":2,"href":"https:\/\/mo-concept.fr\/index.php\/wp-json\/wp\/v2\/pages\/8\/revisions"}],"predecessor-version":[{"id":10,"href":"https:\/\/mo-concept.fr\/index.php\/wp-json\/wp\/v2\/pages\/8\/revisions\/10"}],"wp:attachment":[{"href":"https:\/\/mo-concept.fr\/index.php\/wp-json\/wp\/v2\/media?parent=8"}],"curies":[{"name":"wp","href":"https:\/\/api.w.org\/{rel}","templated":true}]}}