{"id":166,"date":"2019-10-08T08:44:38","date_gmt":"2019-10-08T08:44:38","guid":{"rendered":"https:\/\/mo-concept.fr\/?page_id=166"},"modified":"2019-10-08T08:44:39","modified_gmt":"2019-10-08T08:44:39","slug":"mentions-legales","status":"publish","type":"page","link":"https:\/\/mo-concept.fr\/index.php\/mentions-legales\/","title":{"rendered":"Mentions l\u00e9gales"},"content":{"rendered":"\n<p>Mentions L\u00e9gales &#8211; Site officiel de MO-Concept<\/p>\n\n\n\n<p>En acc\u00e9dant \u00e0 notre site, vous \u00eates inform\u00e9 que l&rsquo;utilisation du r\u00e9seau Internet n\u00e9cessite le respect d&rsquo;un ensemble de l\u00e9gislations que vous vous engagez \u00e0 ne pas enfreindre, et relatives notamment aux droits d&rsquo;auteur, \u00e0 la fraude et au piratage informatique, \u00e0 la loi Informatique et libert\u00e9s, \u00e0 la protection de la personne humaine, ainsi qu&rsquo;\u00e0 l&rsquo;intimit\u00e9 et au respect de la vie priv\u00e9e.<br>la soci\u00e9t\u00e9 MO-Concept et la soci\u00e9t\u00e9 KCendra sarl ne peuvent encourir de responsabilit\u00e9 du fait d&rsquo;erreurs, d&rsquo;omissions, ou pour les r\u00e9sultats qui pourraient \u00eatre obtenus par l&rsquo;usage de ces informations. Notamment, l&rsquo;usage de liens hypertextes peut conduire votre consultation du site www.mo-concept.fr vers d&rsquo;autres serveurs sur lesquels La Soci\u00e9t\u00e9 MO-Concept et la soci\u00e9t\u00e9 KCendra s.a.r.l n&rsquo;a aucun contr\u00f4le.<br>Le site www. mo-concept.fr  ne comporte que des informations g\u00e9n\u00e9rales et g\u00e9n\u00e9riques, relative \u00e0 l&rsquo;entreprise. En aucun cas ces informations ne portent sur les personnes ou entit\u00e9s priv\u00e9es. Les informations publi\u00e9es le sont \u00e0 titre indicatif. Elles n&rsquo;ont pas de valeur professionnelle ou juridique.<\/p>\n\n\n\n<p>Droits d&rsquo;auteurs.<br>En application du Code Fran\u00e7ais de la Propri\u00e9t\u00e9 Intellectuelle (copyright) et plus g\u00e9n\u00e9ralement, des trait\u00e9s et accords internationaux comportant des dispositions relatives \u00e0 la protection des droits d&rsquo;auteurs, la reproduction pour un usage autre que priv\u00e9, la vente, la distribution, la diffusion, l&rsquo;\u00e9mission, la publication, l&rsquo;adaptation et la modification, de m\u00eame que la communication qu&rsquo;elle soit partielle ou int\u00e9grale, sous quelque forme et support que ce soit, des donn\u00e9es (la pr\u00e9sentation, l&rsquo;agencement du site, photos, dessins et textes prot\u00e9g\u00e9es par le droit d&rsquo;auteur pr\u00e9sents dans le site www.mo-concept.fr) sont strictement soumis \u00e0 l&rsquo;autorisation \u00e9crite pr\u00e9alable des d\u00e9tenteurs des droits, en l&rsquo;esp\u00e8ce La soci\u00e9t\u00e9 MO-Concept et la soci\u00e9t\u00e9 KCendra sarl.<\/p>\n\n\n\n<p><em>L\u00e9gislation fran\u00e7aise relative au droit d&rsquo;acc\u00e8s aux fichiers informatis\u00e9s<br>Tout utilisateur ayant d\u00e9pos\u00e9 dans ce service des informations directement ou indirectement nominatives peut demander la communication des informations nominatives le concernant aux administrateurs du service (<a href=\"http:\/\/www.sgpi-isere.com\/index.php\/contact\/\" target=\"_blank\" rel=\"noreferrer noopener\">page contact<\/a>) et les faire rectifier le cas \u00e9ch\u00e9ant~ conform\u00e9ment \u00e0 la loi fran\u00e7aise N\u00b0 78-17 du 6 janvier 1978 relative \u00e0 l&rsquo;informatique, aux fichiers et aux libert\u00e9s (CNIL). <\/em><\/p>\n\n\n\n<table class=\"wp-block-table\"><tbody><tr><td>webmaster \u00a0 K\/Cendra sarl.<br>  19 av Felix Faure 26000 Valence<br>  tel: 0475428864<br>  RCS Romans 419 691720<br>  capital social 7622,45 \u20ac <\/td><td>h\u00e9bergeur du site \u00a0 <br>  1&amp;1 Internet SARL <br>  7, place de la Gare <br>  BP 70109 <br>  57201 Sarreguemines Cedex <\/td><\/tr><\/tbody><\/table>\n\n\n\n<p>MO-Concept<br>Si\u00e8ge Social  le Marly 2A &#8211; 12 rue Bon 26100 &#8211; Romans-sur-Is\u00e8re<br>T\u00e9l:  04 75 47 48 77            <br><\/p>\n","protected":false},"excerpt":{"rendered":"<p>Mentions L\u00e9gales &#8211; Site officiel de MO-Concept En acc\u00e9dant \u00e0 notre site, vous \u00eates inform\u00e9 que l&rsquo;utilisation du r\u00e9seau Internet n\u00e9cessite le respect d&rsquo;un ensemble de l\u00e9gislations que vous vous engagez \u00e0 ne pas enfreindre, et relatives notamment aux droits d&rsquo;auteur, \u00e0 la fraude et au piratage informatique, \u00e0 la loi Informatique et libert\u00e9s, \u00e0&hellip; <br \/> <a class=\"read-more\" href=\"https:\/\/mo-concept.fr\/index.php\/mentions-legales\/\">Lire la suite<\/a><\/p>\n","protected":false},"author":2,"featured_media":0,"parent":0,"menu_order":0,"comment_status":"closed","ping_status":"closed","template":"","meta":{"footnotes":""},"class_list":["post-166","page","type-page","status-publish","hentry"],"_links":{"self":[{"href":"https:\/\/mo-concept.fr\/index.php\/wp-json\/wp\/v2\/pages\/166","targetHints":{"allow":["GET"]}}],"collection":[{"href":"https:\/\/mo-concept.fr\/index.php\/wp-json\/wp\/v2\/pages"}],"about":[{"href":"https:\/\/mo-concept.fr\/index.php\/wp-json\/wp\/v2\/types\/page"}],"author":[{"embeddable":true,"href":"https:\/\/mo-concept.fr\/index.php\/wp-json\/wp\/v2\/users\/2"}],"replies":[{"embeddable":true,"href":"https:\/\/mo-concept.fr\/index.php\/wp-json\/wp\/v2\/comments?post=166"}],"version-history":[{"count":1,"href":"https:\/\/mo-concept.fr\/index.php\/wp-json\/wp\/v2\/pages\/166\/revisions"}],"predecessor-version":[{"id":167,"href":"https:\/\/mo-concept.fr\/index.php\/wp-json\/wp\/v2\/pages\/166\/revisions\/167"}],"wp:attachment":[{"href":"https:\/\/mo-concept.fr\/index.php\/wp-json\/wp\/v2\/media?parent=166"}],"curies":[{"name":"wp","href":"https:\/\/api.w.org\/{rel}","templated":true}]}}