{"id":14,"date":"2019-08-21T14:56:20","date_gmt":"2019-08-21T14:56:20","guid":{"rendered":"https:\/\/mo-concept.fr\/?page_id=14"},"modified":"2019-08-21T14:56:20","modified_gmt":"2019-08-21T14:56:20","slug":"le-cabinet","status":"publish","type":"page","link":"https:\/\/mo-concept.fr\/index.php\/le-cabinet\/","title":{"rendered":"Le Cabinet"},"content":{"rendered":"\n<p>Mon parcours professionnel dans le domaine du b\u00e2timent et des techniques de constructions depuis 27 ans m\u2019a permis d\u2019acqu\u00e9rir une solide exp\u00e9rience et surtout une connaissance compl\u00e8te sur l\u2019ensemble  du processus de construction d\u2019un projet.<br>Ces ann\u00e9es d\u2019activit\u00e9s m\u2019ont aussi amen\u00e9 \u00e0 d\u00e9velopper un sens relationnel abouti<\/p>\n\n\n\n<h4 class=\"wp-block-heading\">Mon CV en 4 lignes<\/h4>\n\n\n\n<ul class=\"wp-block-list\"><li><em>Dipl\u00f4me universitaire en g\u00e9nie civil &#8211; b\u00e2timent<\/em><\/li><li><em>5 ann\u00e9e de bureau d\u2019\u00e9tude g\u00e9otechnique, laboratoire b\u00e9ton et instrumentation d\u2019ouvrage d\u2019art<\/em><\/li><li><em>5 ann\u00e9es de gestion de gros travaux d\u2019entretiens et de r\u00e9parations<\/em><\/li><li><em>14 ann\u00e9es de gestion du Cabinet de ma\u00eetrise d\u2019\u0153uvre MO Concept<\/em><\/li><\/ul>\n","protected":false},"excerpt":{"rendered":"<p>Mon parcours professionnel dans le domaine du b\u00e2timent et des techniques de constructions depuis 27 ans m\u2019a permis d\u2019acqu\u00e9rir une solide exp\u00e9rience et surtout une connaissance compl\u00e8te sur l\u2019ensemble du processus de construction d\u2019un projet.Ces ann\u00e9es d\u2019activit\u00e9s m\u2019ont aussi amen\u00e9 \u00e0 d\u00e9velopper un sens relationnel abouti Mon CV en 4 lignes Dipl\u00f4me universitaire en g\u00e9nie&hellip; <br \/> <a class=\"read-more\" href=\"https:\/\/mo-concept.fr\/index.php\/le-cabinet\/\">Lire la suite<\/a><\/p>\n","protected":false},"author":2,"featured_media":0,"parent":0,"menu_order":0,"comment_status":"closed","ping_status":"closed","template":"","meta":{"footnotes":""},"class_list":["post-14","page","type-page","status-publish","hentry"],"_links":{"self":[{"href":"https:\/\/mo-concept.fr\/index.php\/wp-json\/wp\/v2\/pages\/14","targetHints":{"allow":["GET"]}}],"collection":[{"href":"https:\/\/mo-concept.fr\/index.php\/wp-json\/wp\/v2\/pages"}],"about":[{"href":"https:\/\/mo-concept.fr\/index.php\/wp-json\/wp\/v2\/types\/page"}],"author":[{"embeddable":true,"href":"https:\/\/mo-concept.fr\/index.php\/wp-json\/wp\/v2\/users\/2"}],"replies":[{"embeddable":true,"href":"https:\/\/mo-concept.fr\/index.php\/wp-json\/wp\/v2\/comments?post=14"}],"version-history":[{"count":1,"href":"https:\/\/mo-concept.fr\/index.php\/wp-json\/wp\/v2\/pages\/14\/revisions"}],"predecessor-version":[{"id":15,"href":"https:\/\/mo-concept.fr\/index.php\/wp-json\/wp\/v2\/pages\/14\/revisions\/15"}],"wp:attachment":[{"href":"https:\/\/mo-concept.fr\/index.php\/wp-json\/wp\/v2\/media?parent=14"}],"curies":[{"name":"wp","href":"https:\/\/api.w.org\/{rel}","templated":true}]}}